{"id":30,"date":"2018-09-14T20:49:30","date_gmt":"2018-09-14T17:49:30","guid":{"rendered":"https:\/\/adgdepo.com.tr\/?page_id=30"},"modified":"2020-05-10T22:31:40","modified_gmt":"2020-05-10T19:31:40","slug":"photo-gallery","status":"publish","type":"page","link":"https:\/\/adgdepo.com.tr\/en\/photo-gallery\/","title":{"rendered":"Photo Gallery"},"content":{"rendered":"\n\t\t<style>\n\t\t\t#gallery-1 {\n\t\t\t\tmargin: auto;\n\t\t\t}\n\t\t\t#gallery-1 .gallery-item {\n\t\t\t\tfloat: left;\n\t\t\t\tmargin-top: 10px;\n\t\t\t\ttext-align: center;\n\t\t\t\twidth: 25%;\n\t\t\t}\n\t\t\t#gallery-1 img {\n\t\t\t\tborder: 2px solid #cfcfcf;\n\t\t\t}\n\t\t\t#gallery-1 .gallery-caption {\n\t\t\t\tmargin-left: 0;\n\t\t\t}\n\t\t\t\/* see gallery_shortcode() in wp-includes\/media.php *\/\n\t\t<\/style>\n\t\t<div id='gallery-1' class='gallery galleryid-30 gallery-columns-4 gallery-size-thumbnail'><dl class='gallery-item'>\n\t\t\t<dt class='gallery-icon landscape'>\n\t\t\t\t<a href='https:\/\/adgdepo.com.tr\/en\/wp-content\/uploads\/2020\/04\/2.5-TON.jpg'><img decoding=\"async\" width=\"150\" height=\"150\" src=\"https:\/\/adgdepo.com.tr\/en\/wp-content\/uploads\/2020\/04\/2.5-TON-150x150.jpg\" class=\"attachment-thumbnail size-thumbnail\" alt=\"\" \/><\/a>\n\t\t\t<\/dt><\/dl><dl class='gallery-item'>\n\t\t\t<dt class='gallery-icon portrait'>\n\t\t\t\t<a href='https:\/\/adgdepo.com.tr\/en\/wp-content\/uploads\/2020\/04\/3.75-TON.jpg'><img decoding=\"async\" width=\"150\" height=\"150\" src=\"https:\/\/adgdepo.com.tr\/en\/wp-content\/uploads\/2020\/04\/3.75-TON-150x150.jpg\" class=\"attachment-thumbnail size-thumbnail\" alt=\"\" \/><\/a>\n\t\t\t<\/dt><\/dl><dl class='gallery-item'>\n\t\t\t<dt class='gallery-icon portrait'>\n\t\t\t\t<a href='https:\/\/adgdepo.com.tr\/en\/wp-content\/uploads\/2020\/04\/5-TON.jpg'><img decoding=\"async\" width=\"150\" height=\"150\" src=\"https:\/\/adgdepo.com.tr\/en\/wp-content\/uploads\/2020\/04\/5-TON-150x150.jpg\" class=\"attachment-thumbnail size-thumbnail\" alt=\"\" \/><\/a>\n\t\t\t<\/dt><\/dl><dl class='gallery-item'>\n\t\t\t<dt class='gallery-icon portrait'>\n\t\t\t\t<a href='https:\/\/adgdepo.com.tr\/en\/wp-content\/uploads\/2020\/04\/5-TON2.jpg'><img decoding=\"async\" width=\"150\" height=\"150\" src=\"https:\/\/adgdepo.com.tr\/en\/wp-content\/uploads\/2020\/04\/5-TON2-150x150.jpg\" class=\"attachment-thumbnail size-thumbnail\" alt=\"\" \/><\/a>\n\t\t\t<\/dt><\/dl><br style=\"clear: both\" \/><dl class='gallery-item'>\n\t\t\t<dt class='gallery-icon landscape'>\n\t\t\t\t<a href='https:\/\/adgdepo.com.tr\/en\/wp-content\/uploads\/2020\/04\/7.5-TON.jpg'><img decoding=\"async\" width=\"150\" height=\"150\" src=\"https:\/\/adgdepo.com.tr\/en\/wp-content\/uploads\/2020\/04\/7.5-TON-150x150.jpg\" class=\"attachment-thumbnail size-thumbnail\" alt=\"\" \/><\/a>\n\t\t\t<\/dt><\/dl><dl class='gallery-item'>\n\t\t\t<dt class='gallery-icon landscape'>\n\t\t\t\t<a href='https:\/\/adgdepo.com.tr\/en\/wp-content\/uploads\/2020\/04\/9.jpg'><img decoding=\"async\" width=\"150\" height=\"150\" src=\"https:\/\/adgdepo.com.tr\/en\/wp-content\/uploads\/2020\/04\/9-150x150.jpg\" class=\"attachment-thumbnail size-thumbnail\" alt=\"\" \/><\/a>\n\t\t\t<\/dt><\/dl><dl class='gallery-item'>\n\t\t\t<dt class='gallery-icon landscape'>\n\t\t\t\t<a href='https:\/\/adgdepo.com.tr\/en\/wp-content\/uploads\/2020\/04\/10-TON.jpg'><img decoding=\"async\" width=\"150\" height=\"150\" src=\"https:\/\/adgdepo.com.tr\/en\/wp-content\/uploads\/2020\/04\/10-TON-150x150.jpg\" class=\"attachment-thumbnail size-thumbnail\" alt=\"\" \/><\/a>\n\t\t\t<\/dt><\/dl><dl class='gallery-item'>\n\t\t\t<dt class='gallery-icon landscape'>\n\t\t\t\t<a href='https:\/\/adgdepo.com.tr\/en\/wp-content\/uploads\/2020\/04\/10-TON2.jpg'><img decoding=\"async\" width=\"150\" height=\"150\" src=\"https:\/\/adgdepo.com.tr\/en\/wp-content\/uploads\/2020\/04\/10-TON2-150x150.jpg\" class=\"attachment-thumbnail size-thumbnail\" alt=\"\" \/><\/a>\n\t\t\t<\/dt><\/dl><br style=\"clear: both\" \/><dl class='gallery-item'>\n\t\t\t<dt class='gallery-icon landscape'>\n\t\t\t\t<a href='https:\/\/adgdepo.com.tr\/en\/wp-content\/uploads\/2020\/04\/12.5-TON.jpg'><img decoding=\"async\" width=\"150\" height=\"150\" src=\"https:\/\/adgdepo.com.tr\/en\/wp-content\/uploads\/2020\/04\/12.5-TON-150x150.jpg\" class=\"attachment-thumbnail size-thumbnail\" alt=\"\" \/><\/a>\n\t\t\t<\/dt><\/dl><dl class='gallery-item'>\n\t\t\t<dt class='gallery-icon landscape'>\n\t\t\t\t<a href='https:\/\/adgdepo.com.tr\/en\/wp-content\/uploads\/2020\/04\/13.jpg'><img decoding=\"async\" width=\"150\" height=\"150\" src=\"https:\/\/adgdepo.com.tr\/en\/wp-content\/uploads\/2020\/04\/13-150x150.jpg\" class=\"attachment-thumbnail size-thumbnail\" alt=\"\" \/><\/a>\n\t\t\t<\/dt><\/dl><dl class='gallery-item'>\n\t\t\t<dt class='gallery-icon landscape'>\n\t\t\t\t<a href='https:\/\/adgdepo.com.tr\/en\/wp-content\/uploads\/2020\/04\/15-TON.jpg'><img decoding=\"async\" width=\"150\" height=\"150\" src=\"https:\/\/adgdepo.com.tr\/en\/wp-content\/uploads\/2020\/04\/15-TON-150x150.jpg\" class=\"attachment-thumbnail size-thumbnail\" alt=\"\" \/><\/a>\n\t\t\t<\/dt><\/dl><dl class='gallery-item'>\n\t\t\t<dt class='gallery-icon landscape'>\n\t\t\t\t<a href='https:\/\/adgdepo.com.tr\/en\/wp-content\/uploads\/2020\/04\/15-TON2.jpg'><img decoding=\"async\" width=\"150\" height=\"150\" src=\"https:\/\/adgdepo.com.tr\/en\/wp-content\/uploads\/2020\/04\/15-TON2-150x150.jpg\" class=\"attachment-thumbnail size-thumbnail\" alt=\"\" \/><\/a>\n\t\t\t<\/dt><\/dl><br style=\"clear: both\" \/><dl class='gallery-item'>\n\t\t\t<dt class='gallery-icon landscape'>\n\t\t\t\t<a href='https:\/\/adgdepo.com.tr\/en\/wp-content\/uploads\/2020\/04\/17.5-TON.jpg'><img decoding=\"async\" width=\"150\" height=\"150\" src=\"https:\/\/adgdepo.com.tr\/en\/wp-content\/uploads\/2020\/04\/17.5-TON-150x150.jpg\" class=\"attachment-thumbnail size-thumbnail\" alt=\"\" \/><\/a>\n\t\t\t<\/dt><\/dl><dl class='gallery-item'>\n\t\t\t<dt class='gallery-icon portrait'>\n\t\t\t\t<a href='https:\/\/adgdepo.com.tr\/en\/wp-content\/uploads\/2020\/04\/20-TON.jpg'><img decoding=\"async\" width=\"150\" height=\"150\" src=\"https:\/\/adgdepo.com.tr\/en\/wp-content\/uploads\/2020\/04\/20-TON-150x150.jpg\" class=\"attachment-thumbnail size-thumbnail\" alt=\"\" \/><\/a>\n\t\t\t<\/dt><\/dl><dl class='gallery-item'>\n\t\t\t<dt class='gallery-icon landscape'>\n\t\t\t\t<a href='https:\/\/adgdepo.com.tr\/en\/wp-content\/uploads\/2020\/04\/20-TON2.jpg'><img decoding=\"async\" width=\"150\" height=\"150\" src=\"https:\/\/adgdepo.com.tr\/en\/wp-content\/uploads\/2020\/04\/20-TON2-150x150.jpg\" class=\"attachment-thumbnail size-thumbnail\" alt=\"\" \/><\/a>\n\t\t\t<\/dt><\/dl><dl class='gallery-item'>\n\t\t\t<dt class='gallery-icon landscape'>\n\t\t\t\t<a href='https:\/\/adgdepo.com.tr\/en\/wp-content\/uploads\/2020\/04\/25-TON.jpg'><img decoding=\"async\" width=\"150\" height=\"150\" src=\"https:\/\/adgdepo.com.tr\/en\/wp-content\/uploads\/2020\/04\/25-TON-150x150.jpg\" class=\"attachment-thumbnail size-thumbnail\" alt=\"\" \/><\/a>\n\t\t\t<\/dt><\/dl><br style=\"clear: both\" \/><dl class='gallery-item'>\n\t\t\t<dt class='gallery-icon landscape'>\n\t\t\t\t<a href='https:\/\/adgdepo.com.tr\/en\/wp-content\/uploads\/2020\/04\/25-TON2.jpg'><img decoding=\"async\" width=\"150\" height=\"150\" src=\"https:\/\/adgdepo.com.tr\/en\/wp-content\/uploads\/2020\/04\/25-TON2-150x150.jpg\" class=\"attachment-thumbnail size-thumbnail\" alt=\"\" \/><\/a>\n\t\t\t<\/dt><\/dl><dl class='gallery-item'>\n\t\t\t<dt class='gallery-icon landscape'>\n\t\t\t\t<a href='https:\/\/adgdepo.com.tr\/en\/wp-content\/uploads\/2020\/04\/30-TON.jpg'><img decoding=\"async\" width=\"150\" height=\"150\" src=\"https:\/\/adgdepo.com.tr\/en\/wp-content\/uploads\/2020\/04\/30-TON-150x150.jpg\" class=\"attachment-thumbnail size-thumbnail\" alt=\"\" \/><\/a>\n\t\t\t<\/dt><\/dl><dl class='gallery-item'>\n\t\t\t<dt class='gallery-icon portrait'>\n\t\t\t\t<a href='https:\/\/adgdepo.com.tr\/en\/wp-content\/uploads\/2020\/04\/45-TON.jpg'><img decoding=\"async\" width=\"150\" height=\"150\" src=\"https:\/\/adgdepo.com.tr\/en\/wp-content\/uploads\/2020\/04\/45-TON-150x150.jpg\" class=\"attachment-thumbnail size-thumbnail\" alt=\"\" \/><\/a>\n\t\t\t<\/dt><\/dl><dl class='gallery-item'>\n\t\t\t<dt class='gallery-icon landscape'>\n\t\t\t\t<a href='https:\/\/adgdepo.com.tr\/en\/wp-content\/uploads\/2020\/04\/60-TON.jpg'><img decoding=\"async\" width=\"150\" height=\"150\" src=\"https:\/\/adgdepo.com.tr\/en\/wp-content\/uploads\/2020\/04\/60-TON-150x150.jpg\" class=\"attachment-thumbnail size-thumbnail\" alt=\"\" \/><\/a>\n\t\t\t<\/dt><\/dl><br style=\"clear: both\" \/><dl class='gallery-item'>\n\t\t\t<dt class='gallery-icon landscape'>\n\t\t\t\t<a href='https:\/\/adgdepo.com.tr\/en\/wp-content\/uploads\/2020\/04\/80-TON.jpg'><img decoding=\"async\" width=\"150\" height=\"150\" src=\"https:\/\/adgdepo.com.tr\/en\/wp-content\/uploads\/2020\/04\/80-TON-150x150.jpg\" class=\"attachment-thumbnail size-thumbnail\" alt=\"\" \/><\/a>\n\t\t\t<\/dt><\/dl><dl class='gallery-item'>\n\t\t\t<dt class='gallery-icon portrait'>\n\t\t\t\t<a href='https:\/\/adgdepo.com.tr\/en\/wp-content\/uploads\/2020\/04\/101.jpg'><img decoding=\"async\" width=\"150\" height=\"150\" src=\"https:\/\/adgdepo.com.tr\/en\/wp-content\/uploads\/2020\/04\/101-150x150.jpg\" class=\"attachment-thumbnail size-thumbnail\" alt=\"\" \/><\/a>\n\t\t\t<\/dt><\/dl><dl class='gallery-item'>\n\t\t\t<dt class='gallery-icon landscape'>\n\t\t\t\t<a href='https:\/\/adgdepo.com.tr\/en\/wp-content\/uploads\/2020\/04\/105-TON.jpg'><img decoding=\"async\" width=\"150\" height=\"150\" src=\"https:\/\/adgdepo.com.tr\/en\/wp-content\/uploads\/2020\/04\/105-TON-150x150.jpg\" class=\"attachment-thumbnail size-thumbnail\" alt=\"\" \/><\/a>\n\t\t\t<\/dt><\/dl><dl class='gallery-item'>\n\t\t\t<dt class='gallery-icon landscape'>\n\t\t\t\t<a href='https:\/\/adgdepo.com.tr\/en\/wp-content\/uploads\/2020\/04\/113-TON.jpg'><img decoding=\"async\" width=\"150\" height=\"150\" src=\"https:\/\/adgdepo.com.tr\/en\/wp-content\/uploads\/2020\/04\/113-TON-150x150.jpg\" class=\"attachment-thumbnail size-thumbnail\" alt=\"\" \/><\/a>\n\t\t\t<\/dt><\/dl><br style=\"clear: both\" \/><dl class='gallery-item'>\n\t\t\t<dt class='gallery-icon landscape'>\n\t\t\t\t<a href='https:\/\/adgdepo.com.tr\/en\/wp-content\/uploads\/2020\/04\/201.jpg'><img decoding=\"async\" width=\"150\" height=\"150\" src=\"https:\/\/adgdepo.com.tr\/en\/wp-content\/uploads\/2020\/04\/201-150x150.jpg\" class=\"attachment-thumbnail size-thumbnail\" alt=\"\" \/><\/a>\n\t\t\t<\/dt><\/dl><dl class='gallery-item'>\n\t\t\t<dt class='gallery-icon portrait'>\n\t\t\t\t<a href='https:\/\/adgdepo.com.tr\/en\/wp-content\/uploads\/2020\/04\/IMG_20130417_150514-1-scaled.jpg'><img decoding=\"async\" width=\"150\" height=\"150\" src=\"https:\/\/adgdepo.com.tr\/en\/wp-content\/uploads\/2020\/04\/IMG_20130417_150514-1-150x150.jpg\" class=\"attachment-thumbnail size-thumbnail\" alt=\"\" \/><\/a>\n\t\t\t<\/dt><\/dl><dl class='gallery-item'>\n\t\t\t<dt class='gallery-icon portrait'>\n\t\t\t\t<a href='https:\/\/adgdepo.com.tr\/en\/wp-content\/uploads\/2020\/04\/Silindirik-\u00d6l\u00e7\u00fcleri.jpg'><img decoding=\"async\" width=\"150\" height=\"150\" src=\"https:\/\/adgdepo.com.tr\/en\/wp-content\/uploads\/2020\/04\/Silindirik-\u00d6l\u00e7\u00fcleri-150x150.jpg\" class=\"attachment-thumbnail size-thumbnail\" alt=\"\" \/><\/a>\n\t\t\t<\/dt><\/dl><dl class='gallery-item'>\n\t\t\t<dt class='gallery-icon landscape'>\n\t\t\t\t<a href='https:\/\/adgdepo.com.tr\/en\/wp-content\/uploads\/2020\/04\/silindirik-kaynakli01-1024x737-1.jpg'><img decoding=\"async\" width=\"150\" height=\"150\" src=\"https:\/\/adgdepo.com.tr\/en\/wp-content\/uploads\/2020\/04\/silindirik-kaynakli01-1024x737-1-150x150.jpg\" class=\"attachment-thumbnail size-thumbnail\" alt=\"\" \/><\/a>\n\t\t\t<\/dt><\/dl><br style=\"clear: both\" \/><dl class='gallery-item'>\n\t\t\t<dt class='gallery-icon portrait'>\n\t\t\t\t<a href='https:\/\/adgdepo.com.tr\/en\/wp-content\/uploads\/2020\/04\/YSN_0191.jpg'><img decoding=\"async\" width=\"150\" height=\"150\" src=\"https:\/\/adgdepo.com.tr\/en\/wp-content\/uploads\/2020\/04\/YSN_0191-150x150.jpg\" class=\"attachment-thumbnail size-thumbnail\" alt=\"\" \/><\/a>\n\t\t\t<\/dt><\/dl><dl class='gallery-item'>\n\t\t\t<dt class='gallery-icon portrait'>\n\t\t\t\t<a href='https:\/\/adgdepo.com.tr\/en\/wp-content\/uploads\/2020\/04\/YSN_7348.jpg'><img decoding=\"async\" width=\"150\" height=\"150\" src=\"https:\/\/adgdepo.com.tr\/en\/wp-content\/uploads\/2020\/04\/YSN_7348-150x150.jpg\" class=\"attachment-thumbnail size-thumbnail\" alt=\"\" \/><\/a>\n\t\t\t<\/dt><\/dl>\n\t\t\t<br style='clear: both' \/>\n\t\t<\/div>\n\n","protected":false},"excerpt":{"rendered":"","protected":false},"author":1,"featured_media":0,"parent":0,"menu_order":0,"comment_status":"closed","ping_status":"closed","template":"","meta":{"_joinchat":[],"footnotes":""},"class_list":["post-30","page","type-page","status-publish","hentry"],"yoast_head":"<!-- This site is optimized with the Yoast SEO plugin v27.5 - https:\/\/yoast.com\/product\/yoast-seo-wordpress\/ -->\n<title>Photo Gallery - ADG Depo - Water Storage and Protection Systems Modular Water Tanks<\/title>\n<meta name=\"robots\" content=\"index, follow, max-snippet:-1, max-image-preview:large, max-video-preview:-1\" \/>\n<link rel=\"canonical\" href=\"https:\/\/adgdepo.com.tr\/en\/photo-gallery\/\" \/>\n<meta property=\"og:locale\" content=\"en_US\" \/>\n<meta property=\"og:type\" content=\"article\" \/>\n<meta property=\"og:title\" content=\"Photo Gallery - ADG Depo - Water Storage and Protection Systems Modular Water Tanks\" \/>\n<meta property=\"og:url\" content=\"https:\/\/adgdepo.com.tr\/en\/photo-gallery\/\" \/>\n<meta property=\"og:site_name\" content=\"ADG Depo - Water Storage and Protection Systems Modular Water Tanks\" \/>\n<meta property=\"article:publisher\" content=\"https:\/\/www.facebook.com\/adg.depo.9\" \/>\n<meta property=\"article:modified_time\" content=\"2020-05-10T19:31:40+00:00\" \/>\n<meta property=\"og:image\" content=\"https:\/\/adgdepo.com.tr\/en\/wp-content\/uploads\/2020\/04\/2.5-TON-150x150.jpg\" \/>\n<meta name=\"twitter:card\" content=\"summary_large_image\" \/>\n<script type=\"application\/ld+json\" class=\"yoast-schema-graph\">{\"@context\":\"https:\\\/\\\/schema.org\",\"@graph\":[{\"@type\":\"WebPage\",\"@id\":\"https:\\\/\\\/adgdepo.com.tr\\\/en\\\/photo-gallery\\\/\",\"url\":\"https:\\\/\\\/adgdepo.com.tr\\\/en\\\/photo-gallery\\\/\",\"name\":\"Photo Gallery - ADG Depo - Water Storage and Protection Systems Modular Water Tanks\",\"isPartOf\":{\"@id\":\"https:\\\/\\\/adgdepo.com.tr\\\/en\\\/#website\"},\"datePublished\":\"2018-09-14T17:49:30+00:00\",\"dateModified\":\"2020-05-10T19:31:40+00:00\",\"breadcrumb\":{\"@id\":\"https:\\\/\\\/adgdepo.com.tr\\\/en\\\/photo-gallery\\\/#breadcrumb\"},\"inLanguage\":\"en-US\",\"potentialAction\":[{\"@type\":\"ReadAction\",\"target\":[\"https:\\\/\\\/adgdepo.com.tr\\\/en\\\/photo-gallery\\\/\"]}]},{\"@type\":\"BreadcrumbList\",\"@id\":\"https:\\\/\\\/adgdepo.com.tr\\\/en\\\/photo-gallery\\\/#breadcrumb\",\"itemListElement\":[{\"@type\":\"ListItem\",\"position\":1,\"name\":\"Ana sayfa\",\"item\":\"https:\\\/\\\/adgdepo.com.tr\\\/en\\\/\"},{\"@type\":\"ListItem\",\"position\":2,\"name\":\"Photo Gallery\"}]},{\"@type\":\"WebSite\",\"@id\":\"https:\\\/\\\/adgdepo.com.tr\\\/en\\\/#website\",\"url\":\"https:\\\/\\\/adgdepo.com.tr\\\/en\\\/\",\"name\":\"ADG Depo - Water Storage and Protection Systems Modular Water Tanks\",\"description\":\"Manufactures Water Tank, GRP Modular Water Tank, Galvanized Modular Water Tank, Stainless Modular Water Tanks, Water Tank and Modular Tank.\",\"publisher\":{\"@id\":\"https:\\\/\\\/adgdepo.com.tr\\\/en\\\/#organization\"},\"potentialAction\":[{\"@type\":\"SearchAction\",\"target\":{\"@type\":\"EntryPoint\",\"urlTemplate\":\"https:\\\/\\\/adgdepo.com.tr\\\/en\\\/?s={search_term_string}\"},\"query-input\":{\"@type\":\"PropertyValueSpecification\",\"valueRequired\":true,\"valueName\":\"search_term_string\"}}],\"inLanguage\":\"en-US\"},{\"@type\":\"Organization\",\"@id\":\"https:\\\/\\\/adgdepo.com.tr\\\/en\\\/#organization\",\"name\":\"ADG Depo - Su Depolama Sistemleri\",\"url\":\"https:\\\/\\\/adgdepo.com.tr\\\/en\\\/\",\"logo\":{\"@type\":\"ImageObject\",\"inLanguage\":\"en-US\",\"@id\":\"https:\\\/\\\/adgdepo.com.tr\\\/en\\\/#\\\/schema\\\/logo\\\/image\\\/\",\"url\":\"https:\\\/\\\/adgdepo.com.tr\\\/en\\\/wp-content\\\/uploads\\\/2020\\\/04\\\/logoadg.png\",\"contentUrl\":\"https:\\\/\\\/adgdepo.com.tr\\\/en\\\/wp-content\\\/uploads\\\/2020\\\/04\\\/logoadg.png\",\"width\":340,\"height\":145,\"caption\":\"ADG Depo - Su Depolama Sistemleri\"},\"image\":{\"@id\":\"https:\\\/\\\/adgdepo.com.tr\\\/en\\\/#\\\/schema\\\/logo\\\/image\\\/\"},\"sameAs\":[\"https:\\\/\\\/www.facebook.com\\\/adg.depo.9\",\"https:\\\/\\\/www.instagram.com\\\/adg_depo\"]}]}<\/script>\n<!-- \/ Yoast SEO plugin. -->","yoast_head_json":{"title":"Photo Gallery - ADG Depo - Water Storage and Protection Systems Modular Water Tanks","robots":{"index":"index","follow":"follow","max-snippet":"max-snippet:-1","max-image-preview":"max-image-preview:large","max-video-preview":"max-video-preview:-1"},"canonical":"https:\/\/adgdepo.com.tr\/en\/photo-gallery\/","og_locale":"en_US","og_type":"article","og_title":"Photo Gallery - ADG Depo - Water Storage and Protection Systems Modular Water Tanks","og_url":"https:\/\/adgdepo.com.tr\/en\/photo-gallery\/","og_site_name":"ADG Depo - Water Storage and Protection Systems Modular Water Tanks","article_publisher":"https:\/\/www.facebook.com\/adg.depo.9","article_modified_time":"2020-05-10T19:31:40+00:00","og_image":[{"url":"https:\/\/adgdepo.com.tr\/en\/wp-content\/uploads\/2020\/04\/2.5-TON-150x150.jpg","type":"","width":"","height":""}],"twitter_card":"summary_large_image","schema":{"@context":"https:\/\/schema.org","@graph":[{"@type":"WebPage","@id":"https:\/\/adgdepo.com.tr\/en\/photo-gallery\/","url":"https:\/\/adgdepo.com.tr\/en\/photo-gallery\/","name":"Photo Gallery - ADG Depo - Water Storage and Protection Systems Modular Water Tanks","isPartOf":{"@id":"https:\/\/adgdepo.com.tr\/en\/#website"},"datePublished":"2018-09-14T17:49:30+00:00","dateModified":"2020-05-10T19:31:40+00:00","breadcrumb":{"@id":"https:\/\/adgdepo.com.tr\/en\/photo-gallery\/#breadcrumb"},"inLanguage":"en-US","potentialAction":[{"@type":"ReadAction","target":["https:\/\/adgdepo.com.tr\/en\/photo-gallery\/"]}]},{"@type":"BreadcrumbList","@id":"https:\/\/adgdepo.com.tr\/en\/photo-gallery\/#breadcrumb","itemListElement":[{"@type":"ListItem","position":1,"name":"Ana sayfa","item":"https:\/\/adgdepo.com.tr\/en\/"},{"@type":"ListItem","position":2,"name":"Photo Gallery"}]},{"@type":"WebSite","@id":"https:\/\/adgdepo.com.tr\/en\/#website","url":"https:\/\/adgdepo.com.tr\/en\/","name":"ADG Depo - Water Storage and Protection Systems Modular Water Tanks","description":"Manufactures Water Tank, GRP Modular Water Tank, Galvanized Modular Water Tank, Stainless Modular Water Tanks, Water Tank and Modular Tank.","publisher":{"@id":"https:\/\/adgdepo.com.tr\/en\/#organization"},"potentialAction":[{"@type":"SearchAction","target":{"@type":"EntryPoint","urlTemplate":"https:\/\/adgdepo.com.tr\/en\/?s={search_term_string}"},"query-input":{"@type":"PropertyValueSpecification","valueRequired":true,"valueName":"search_term_string"}}],"inLanguage":"en-US"},{"@type":"Organization","@id":"https:\/\/adgdepo.com.tr\/en\/#organization","name":"ADG Depo - Su Depolama Sistemleri","url":"https:\/\/adgdepo.com.tr\/en\/","logo":{"@type":"ImageObject","inLanguage":"en-US","@id":"https:\/\/adgdepo.com.tr\/en\/#\/schema\/logo\/image\/","url":"https:\/\/adgdepo.com.tr\/en\/wp-content\/uploads\/2020\/04\/logoadg.png","contentUrl":"https:\/\/adgdepo.com.tr\/en\/wp-content\/uploads\/2020\/04\/logoadg.png","width":340,"height":145,"caption":"ADG Depo - Su Depolama Sistemleri"},"image":{"@id":"https:\/\/adgdepo.com.tr\/en\/#\/schema\/logo\/image\/"},"sameAs":["https:\/\/www.facebook.com\/adg.depo.9","https:\/\/www.instagram.com\/adg_depo"]}]}},"_links":{"self":[{"href":"https:\/\/adgdepo.com.tr\/en\/wp-json\/wp\/v2\/pages\/30","targetHints":{"allow":["GET"]}}],"collection":[{"href":"https:\/\/adgdepo.com.tr\/en\/wp-json\/wp\/v2\/pages"}],"about":[{"href":"https:\/\/adgdepo.com.tr\/en\/wp-json\/wp\/v2\/types\/page"}],"author":[{"embeddable":true,"href":"https:\/\/adgdepo.com.tr\/en\/wp-json\/wp\/v2\/users\/1"}],"replies":[{"embeddable":true,"href":"https:\/\/adgdepo.com.tr\/en\/wp-json\/wp\/v2\/comments?post=30"}],"version-history":[{"count":0,"href":"https:\/\/adgdepo.com.tr\/en\/wp-json\/wp\/v2\/pages\/30\/revisions"}],"wp:attachment":[{"href":"https:\/\/adgdepo.com.tr\/en\/wp-json\/wp\/v2\/media?parent=30"}],"curies":[{"name":"wp","href":"https:\/\/api.w.org\/{rel}","templated":true}]}}